{"id":537,"date":"2026-02-04T19:57:47","date_gmt":"2026-02-04T19:57:47","guid":{"rendered":"https:\/\/shop.casasebagos.pt\/?product=mata-rapada-caixa-madeira-%C2%B7-3-garrafas"},"modified":"2026-02-05T16:32:57","modified_gmt":"2026-02-05T16:32:57","slug":"mata-rapada-caixa-madeira-%c2%b7-3-garrafas","status":"publish","type":"product","link":"https:\/\/shop.casasebagos.pt\/?product=mata-rapada-caixa-madeira-%c2%b7-3-garrafas","title":{"rendered":"MATA RAPADA, CAIXA MADEIRA \u00b7 3 Garrafas"},"content":{"rendered":"<p>MATA RAPADA, CAIXA MADEIRA \u00b7 3 Garrafas<\/p>\n<p>Capacidade: 3 Garrafas<\/p>\n<p>Crie o seu pr\u00f3prio conjunto e adicione a nossa caixa de madeira para uma experi\u00eancia memor\u00e1vel. Veja as nossas propostas nas pr\u00f3ximas p\u00e1ginas. (A caixa n\u00e3o inclui nenhuma garrafa)<\/p>\n","protected":false},"excerpt":{"rendered":"<p>3 Garrafas<br \/>\nCrie o seu pr\u00f3prio conjunto e adicione a nossa caixa de madeira para uma experi\u00eancia memor\u00e1vel. Veja as nossas propostas nas pr\u00f3ximas p\u00e1ginas. (A caixa n\u00e3o inclui nenhuma garrafa)<\/p>\n","protected":false},"featured_media":538,"template":"","meta":{"_kad_post_transparent":"default","_kad_post_title":"","_kad_post_layout":"default","_kad_post_sidebar_id":"","_kad_post_content_style":"default","_kad_post_vertical_padding":"default","_kad_post_feature":"","_kad_post_feature_position":"","_kad_post_header":false,"_kad_post_footer":false,"_kad_post_classname":""},"product_brand":[61],"product_cat":[73],"product_tag":[74,31,56,29],"class_list":{"0":"post-537","1":"product","2":"type-product","3":"status-publish","4":"has-post-thumbnail","6":"product_brand-mata-rapada","7":"product_cat-caixa","8":"product_tag-caixa","9":"product_tag-vinho-branco","10":"product_tag-vinho-do-porto","11":"product_tag-vinho-tinto","13":"first","14":"instock","15":"shipping-taxable","16":"purchasable","17":"product-type-simple","18":"entry","19":"content-bg","20":"loop-entry"},"_links":{"self":[{"href":"https:\/\/shop.casasebagos.pt\/index.php?rest_route=\/wp\/v2\/product\/537","targetHints":{"allow":["GET"]}}],"collection":[{"href":"https:\/\/shop.casasebagos.pt\/index.php?rest_route=\/wp\/v2\/product"}],"about":[{"href":"https:\/\/shop.casasebagos.pt\/index.php?rest_route=\/wp\/v2\/types\/product"}],"wp:featuredmedia":[{"embeddable":true,"href":"https:\/\/shop.casasebagos.pt\/index.php?rest_route=\/wp\/v2\/media\/538"}],"wp:attachment":[{"href":"https:\/\/shop.casasebagos.pt\/index.php?rest_route=%2Fwp%2Fv2%2Fmedia&parent=537"}],"wp:term":[{"taxonomy":"product_brand","embeddable":true,"href":"https:\/\/shop.casasebagos.pt\/index.php?rest_route=%2Fwp%2Fv2%2Fproduct_brand&post=537"},{"taxonomy":"product_cat","embeddable":true,"href":"https:\/\/shop.casasebagos.pt\/index.php?rest_route=%2Fwp%2Fv2%2Fproduct_cat&post=537"},{"taxonomy":"product_tag","embeddable":true,"href":"https:\/\/shop.casasebagos.pt\/index.php?rest_route=%2Fwp%2Fv2%2Fproduct_tag&post=537"}],"curies":[{"name":"wp","href":"https:\/\/api.w.org\/{rel}","templated":true}]}}