{"id":534,"date":"2026-02-04T19:57:46","date_gmt":"2026-02-04T19:57:46","guid":{"rendered":"https:\/\/shop.casasebagos.pt\/?product=mata-rapada-tinto-douro-colheita-2022-%C2%B7-75-cl"},"modified":"2026-02-05T16:43:18","modified_gmt":"2026-02-05T16:43:18","slug":"mata-rapada-tinto-douro-colheita-2022-%c2%b7-75-cl","status":"publish","type":"product","link":"https:\/\/shop.casasebagos.pt\/?product=mata-rapada-tinto-douro-colheita-2022-%c2%b7-75-cl","title":{"rendered":"MATA RAPADA TINTO, DOURO COLHEITA 2022 \u00b7 75 cl"},"content":{"rendered":"<p>MATA RAPADA TINTO, DOURO COLHEITA 2022 \u00b7 75 cl<\/p>\n<p>Ano: 2022<br \/>\nCapacidade: 75 cl<br \/>\n\u00c1lcool: 14.0% vol<br \/>\nCastas: Touriga Franca, Touriga Nacional, Tinta Roriz<\/p>\n<p>De rubi escuro, revela nariz expressivo, entrela\u00e7ando frutos pretos e vermelhos com nuances de madeira. Na boca, equil\u00edbrio e frescura fundem-se; taninos maduros d\u00e3o estrutura suave.<\/p>\n","protected":false},"excerpt":{"rendered":"<p>2022 \u00b7 75 cl \u00b7 14.0% vol<br \/>\nDe rubi escuro, revela nariz expressivo, entrela\u00e7ando frutos pretos e vermelhos com nuances de madeira. Na boca, equil\u00edbrio e frescura fundem-se; taninos maduros d\u00e3o estrutura s&#8230;<\/p>\n","protected":false},"featured_media":564,"template":"","meta":{"_kad_post_transparent":"default","_kad_post_title":"","_kad_post_layout":"default","_kad_post_sidebar_id":"","_kad_post_content_style":"default","_kad_post_vertical_padding":"default","_kad_post_feature":"","_kad_post_feature_position":"","_kad_post_header":false,"_kad_post_footer":false,"_kad_post_classname":""},"product_brand":[61],"product_cat":[58],"product_tag":[34,29],"class_list":{"0":"post-534","1":"product","2":"type-product","3":"status-publish","4":"has-post-thumbnail","6":"product_brand-mata-rapada","7":"product_cat-vinho-tinto-2","8":"product_tag-34","9":"product_tag-vinho-tinto","11":"first","12":"instock","13":"shipping-taxable","14":"purchasable","15":"product-type-simple","16":"entry","17":"content-bg","18":"loop-entry"},"_links":{"self":[{"href":"https:\/\/shop.casasebagos.pt\/index.php?rest_route=\/wp\/v2\/product\/534","targetHints":{"allow":["GET"]}}],"collection":[{"href":"https:\/\/shop.casasebagos.pt\/index.php?rest_route=\/wp\/v2\/product"}],"about":[{"href":"https:\/\/shop.casasebagos.pt\/index.php?rest_route=\/wp\/v2\/types\/product"}],"wp:featuredmedia":[{"embeddable":true,"href":"https:\/\/shop.casasebagos.pt\/index.php?rest_route=\/wp\/v2\/media\/564"}],"wp:attachment":[{"href":"https:\/\/shop.casasebagos.pt\/index.php?rest_route=%2Fwp%2Fv2%2Fmedia&parent=534"}],"wp:term":[{"taxonomy":"product_brand","embeddable":true,"href":"https:\/\/shop.casasebagos.pt\/index.php?rest_route=%2Fwp%2Fv2%2Fproduct_brand&post=534"},{"taxonomy":"product_cat","embeddable":true,"href":"https:\/\/shop.casasebagos.pt\/index.php?rest_route=%2Fwp%2Fv2%2Fproduct_cat&post=534"},{"taxonomy":"product_tag","embeddable":true,"href":"https:\/\/shop.casasebagos.pt\/index.php?rest_route=%2Fwp%2Fv2%2Fproduct_tag&post=534"}],"curies":[{"name":"wp","href":"https:\/\/api.w.org\/{rel}","templated":true}]}}