{"id":328,"date":"2024-04-21T17:12:51","date_gmt":"2024-04-21T17:12:51","guid":{"rendered":"https:\/\/shop.casasebagos.pt\/?post_type=product&#038;p=328"},"modified":"2026-02-05T16:38:01","modified_gmt":"2026-02-05T16:38:01","slug":"douro-reserva-2021-%c2%b7-75-cl","status":"publish","type":"product","link":"https:\/\/shop.casasebagos.pt\/?product=douro-reserva-2021-%c2%b7-75-cl","title":{"rendered":"MATA RAPADA TINTO, DOURO COLHEITA 2021 \u00b7 75 cl"},"content":{"rendered":"<p>MATA RAPADA TINTO, DOURO COLHEITA 2021 \u00b7 75 cl<\/p>\n<p>Ano: 2021<br \/>\nCapacidade: 75 cl<br \/>\n\u00c1lcool: 13.5% vol<br \/>\nCastas: Touriga Franca, Touriga Nacional, Tinta Roriz<\/p>\n<p>De rubi escuro, revela um nariz expressivo, entrela\u00e7ando frutos pretos e vermelhos, com nuances envolventes de madeira. Na boca, equil\u00edbrio e frescura que se fundem, taninos maduros proporcionam uma estrutura suave. O final m\u00e9dio e duradouro convida \u00e0 degusta\u00e7\u00e3o.<\/p>\n","protected":false},"excerpt":{"rendered":"<p>2021 \u00b7 75 cl \u00b7 13.5% vol<br \/>\nDe rubi escuro, revela um nariz expressivo, entrela\u00e7ando frutos pretos e vermelhos, com nuances envolventes de madeira. Na boca, equil\u00edbrio e frescura que se fundem, taninos mad&#8230;<\/p>\n","protected":false},"featured_media":329,"template":"","meta":{"_kad_post_transparent":"default","_kad_post_title":"","_kad_post_layout":"default","_kad_post_sidebar_id":"","_kad_post_content_style":"default","_kad_post_vertical_padding":"default","_kad_post_feature":"","_kad_post_feature_position":"","_kad_post_header":false,"_kad_post_footer":false,"_kad_post_classname":""},"product_brand":[61],"product_cat":[58],"product_tag":[29,33],"class_list":{"0":"post-328","1":"product","2":"type-product","3":"status-publish","4":"has-post-thumbnail","6":"product_brand-mata-rapada","7":"product_cat-vinho-tinto-2","8":"product_tag-vinho-tinto","9":"product_tag-33","11":"first","12":"instock","13":"shipping-taxable","14":"purchasable","15":"product-type-simple","16":"entry","17":"content-bg","18":"loop-entry"},"_links":{"self":[{"href":"https:\/\/shop.casasebagos.pt\/index.php?rest_route=\/wp\/v2\/product\/328","targetHints":{"allow":["GET"]}}],"collection":[{"href":"https:\/\/shop.casasebagos.pt\/index.php?rest_route=\/wp\/v2\/product"}],"about":[{"href":"https:\/\/shop.casasebagos.pt\/index.php?rest_route=\/wp\/v2\/types\/product"}],"wp:featuredmedia":[{"embeddable":true,"href":"https:\/\/shop.casasebagos.pt\/index.php?rest_route=\/wp\/v2\/media\/329"}],"wp:attachment":[{"href":"https:\/\/shop.casasebagos.pt\/index.php?rest_route=%2Fwp%2Fv2%2Fmedia&parent=328"}],"wp:term":[{"taxonomy":"product_brand","embeddable":true,"href":"https:\/\/shop.casasebagos.pt\/index.php?rest_route=%2Fwp%2Fv2%2Fproduct_brand&post=328"},{"taxonomy":"product_cat","embeddable":true,"href":"https:\/\/shop.casasebagos.pt\/index.php?rest_route=%2Fwp%2Fv2%2Fproduct_cat&post=328"},{"taxonomy":"product_tag","embeddable":true,"href":"https:\/\/shop.casasebagos.pt\/index.php?rest_route=%2Fwp%2Fv2%2Fproduct_tag&post=328"}],"curies":[{"name":"wp","href":"https:\/\/api.w.org\/{rel}","templated":true}]}}