{"id":308,"date":"2024-04-04T19:11:50","date_gmt":"2024-04-04T19:11:50","guid":{"rendered":"https:\/\/shop.casasebagos.pt\/pt\/?post_type=product&#038;p=308"},"modified":"2026-02-05T16:51:27","modified_gmt":"2026-02-05T16:51:27","slug":"porto-tawny-2019-75cl","status":"publish","type":"product","link":"https:\/\/shop.casasebagos.pt\/?product=porto-tawny-2019-75cl","title":{"rendered":"MATA RAPADA PORTO TAWNY 2019 \u00b7 75 cl"},"content":{"rendered":"<p>MATA RAPADA PORTO TAWNY 2019 \u00b7 75 cl<\/p>\n<p>Ano: 2019<br \/>\nCapacidade: 75 cl<br \/>\n\u00c1lcool: 20.0% vol<\/p>\n<p>Descubra a singular sofistica\u00e7\u00e3o do Vinho do Porto \u2013 Mata Rapada. Este not\u00e1vel Tawny \u00e9 elaborado nas encantadoras paisagens do Baixo Corgo, com vinhas de excel\u00eancia. Uma homenagem \u00e0 tradi\u00e7\u00e3o de gera\u00e7\u00f5es na produ\u00e7\u00e3o de Vinho do Porto, com uma vis\u00e3o promissora. Enraizado na nossa heran\u00e7a vin\u00edcola, este vinho transcende o tempo, capturando a ess\u00eancia das vinhas que o viram florescer.<\/p>\n","protected":false},"excerpt":{"rendered":"<p>2019 \u00b7 75 cl \u00b7 20.0% vol<br \/>\nDescubra a singular sofistica\u00e7\u00e3o do Vinho do Porto \u2013 Mata Rapada. Este not\u00e1vel Tawny \u00e9 elaborado nas encantadoras paisagens do Baixo Corgo, com vinhas de excel\u00eancia. Uma homenag&#8230;<\/p>\n","protected":false},"featured_media":311,"template":"","meta":{"_kad_post_transparent":"default","_kad_post_title":"","_kad_post_layout":"default","_kad_post_sidebar_id":"","_kad_post_content_style":"default","_kad_post_vertical_padding":"default","_kad_post_feature":"","_kad_post_feature_position":"","_kad_post_header":false,"_kad_post_footer":false,"_kad_post_classname":""},"product_brand":[61],"product_cat":[94,66],"product_tag":[32,56],"class_list":{"0":"post-308","1":"product","2":"type-product","3":"status-publish","4":"has-post-thumbnail","6":"product_brand-mata-rapada","7":"product_cat-tawny","8":"product_cat-vinho-do-porto-vinho-tinto-2-2","9":"product_tag-32","10":"product_tag-vinho-do-porto","12":"first","13":"instock","14":"shipping-taxable","15":"purchasable","16":"product-type-simple","17":"entry","18":"content-bg","19":"loop-entry"},"_links":{"self":[{"href":"https:\/\/shop.casasebagos.pt\/index.php?rest_route=\/wp\/v2\/product\/308","targetHints":{"allow":["GET"]}}],"collection":[{"href":"https:\/\/shop.casasebagos.pt\/index.php?rest_route=\/wp\/v2\/product"}],"about":[{"href":"https:\/\/shop.casasebagos.pt\/index.php?rest_route=\/wp\/v2\/types\/product"}],"wp:featuredmedia":[{"embeddable":true,"href":"https:\/\/shop.casasebagos.pt\/index.php?rest_route=\/wp\/v2\/media\/311"}],"wp:attachment":[{"href":"https:\/\/shop.casasebagos.pt\/index.php?rest_route=%2Fwp%2Fv2%2Fmedia&parent=308"}],"wp:term":[{"taxonomy":"product_brand","embeddable":true,"href":"https:\/\/shop.casasebagos.pt\/index.php?rest_route=%2Fwp%2Fv2%2Fproduct_brand&post=308"},{"taxonomy":"product_cat","embeddable":true,"href":"https:\/\/shop.casasebagos.pt\/index.php?rest_route=%2Fwp%2Fv2%2Fproduct_cat&post=308"},{"taxonomy":"product_tag","embeddable":true,"href":"https:\/\/shop.casasebagos.pt\/index.php?rest_route=%2Fwp%2Fv2%2Fproduct_tag&post=308"}],"curies":[{"name":"wp","href":"https:\/\/api.w.org\/{rel}","templated":true}]}}