{"id":12,"date":"2023-03-22T19:07:00","date_gmt":"2023-03-22T19:07:00","guid":{"rendered":"https:\/\/shop.casasebagos.pt\/?post_type=product&#038;p=12"},"modified":"2026-02-05T16:53:55","modified_gmt":"2026-02-05T16:53:55","slug":"mata-rapada-azeite-virgem-extra-50cl","status":"publish","type":"product","link":"https:\/\/shop.casasebagos.pt\/?product=mata-rapada-azeite-virgem-extra-50cl","title":{"rendered":"MATA RAPADA, AZEITE VIRGEM EXTRA \u00b7 500 ml"},"content":{"rendered":"<p>MATA RAPADA, AZEITE VIRGEM EXTRA \u00b7 500 ml<\/p>\n<p>Capacidade: 500 ml<\/p>\n<p>Explore a excecional qualidade do nosso Azeite Virgem Extra. Uma homenagem \u00e0 tradi\u00e7\u00e3o oliv\u00edcola, este azeite, enraizado na nossa heran\u00e7a, captura a ess\u00eancia das oliveiras que o viram florescer. Uma aut\u00eantica experi\u00eancia que reflete o cuidado dedicado desde o campo at\u00e9 a sua mesa. (N\u00e3o filtrado para preservar a sua pureza, pode apresentar turva\u00e7\u00e3o.)<\/p>\n","protected":false},"excerpt":{"rendered":"<p>500 ml<br \/>\nExplore a excecional qualidade do nosso Azeite Virgem Extra. Uma homenagem \u00e0 tradi\u00e7\u00e3o oliv\u00edcola, este azeite, enraizado na nossa heran\u00e7a, captura a ess\u00eancia das oliveiras que o&#8230;<\/p>\n","protected":false},"featured_media":19,"template":"","meta":{"_kad_post_transparent":"default","_kad_post_title":"","_kad_post_layout":"default","_kad_post_sidebar_id":"","_kad_post_content_style":"default","_kad_post_vertical_padding":"default","_kad_post_feature":"","_kad_post_feature_position":"","_kad_post_header":false,"_kad_post_footer":false,"_kad_post_classname":""},"product_brand":[61],"product_cat":[69],"product_tag":[70],"class_list":{"0":"post-12","1":"product","2":"type-product","3":"status-publish","4":"has-post-thumbnail","6":"product_brand-mata-rapada","7":"product_cat-azeite-2","8":"product_tag-azeite","10":"first","11":"instock","12":"shipping-taxable","13":"purchasable","14":"product-type-simple","15":"entry","16":"content-bg","17":"loop-entry"},"_links":{"self":[{"href":"https:\/\/shop.casasebagos.pt\/index.php?rest_route=\/wp\/v2\/product\/12","targetHints":{"allow":["GET"]}}],"collection":[{"href":"https:\/\/shop.casasebagos.pt\/index.php?rest_route=\/wp\/v2\/product"}],"about":[{"href":"https:\/\/shop.casasebagos.pt\/index.php?rest_route=\/wp\/v2\/types\/product"}],"wp:featuredmedia":[{"embeddable":true,"href":"https:\/\/shop.casasebagos.pt\/index.php?rest_route=\/wp\/v2\/media\/19"}],"wp:attachment":[{"href":"https:\/\/shop.casasebagos.pt\/index.php?rest_route=%2Fwp%2Fv2%2Fmedia&parent=12"}],"wp:term":[{"taxonomy":"product_brand","embeddable":true,"href":"https:\/\/shop.casasebagos.pt\/index.php?rest_route=%2Fwp%2Fv2%2Fproduct_brand&post=12"},{"taxonomy":"product_cat","embeddable":true,"href":"https:\/\/shop.casasebagos.pt\/index.php?rest_route=%2Fwp%2Fv2%2Fproduct_cat&post=12"},{"taxonomy":"product_tag","embeddable":true,"href":"https:\/\/shop.casasebagos.pt\/index.php?rest_route=%2Fwp%2Fv2%2Fproduct_tag&post=12"}],"curies":[{"name":"wp","href":"https:\/\/api.w.org\/{rel}","templated":true}]}}